{"id":1441,"date":"2019-09-09T12:52:39","date_gmt":"2019-09-09T10:52:39","guid":{"rendered":"https:\/\/telianivalley.pl\/?page_id=1441"},"modified":"2019-09-19T13:08:20","modified_gmt":"2019-09-19T11:08:20","slug":"feteasca-neagra","status":"publish","type":"page","link":"https:\/\/teliani.pl\/en\/wina\/moldawia\/storks\/feteasca-neagra\/","title":{"rendered":"Feteasca Neagra"},"content":{"rendered":"\n<p>Feteasca Neagra to endemiczny szczep winogron, od wiek\u00f3w uprawiany na terenach dzisiejszej Mo\u0142dawii. Wino o barwie ciemnego rubinu z charakterystycznymi nutami je\u017cyn, porzeczek i czekolady. W ustach pe\u0142ne, ekstraktywne z d\u0142ugim posmakiem dojrza\u0142ych wi\u015bni i truskawek. <\/p>\n\n\n\n<p>Serwowa\u0107 w temperaturze 16 &#8211; 18 C<\/p>\n\n\n\n<p>Polecane jako aperitif oraz do bakalii, ciast i owoc\u00f3w. W kuchni w\u0142oskiej znakomicie komponuje si\u0119 z makaronami i pizz\u0105. <\/p>\n","protected":false},"excerpt":{"rendered":"<p>Feteasca Neagra to endemiczny szczep winogron, od wiek\u00f3w uprawiany na terenach dzisiejszej Mo\u0142dawii. Wino o barwie ciemnego rubinu z charakterystycznymi nutami je\u017cyn, porzeczek i czekolady. W ustach pe\u0142ne, ekstraktywne z d\u0142ugim posmakiem dojrza\u0142ych wi\u015bni i truskawek. Serwowa\u0107 w temperaturze 16 &#8211; 18 C Polecane jako aperitif oraz do bakalii, ciast i owoc\u00f3w. W kuchni w\u0142oskiej [&hellip;]<\/p>\n","protected":false},"author":2,"featured_media":1459,"parent":324,"menu_order":25,"comment_status":"closed","ping_status":"closed","template":"wino.php","meta":{"footnotes":""},"categories":[],"tags":[],"acf":[],"_links":{"self":[{"href":"https:\/\/teliani.pl\/en\/wp-json\/wp\/v2\/pages\/1441"}],"collection":[{"href":"https:\/\/teliani.pl\/en\/wp-json\/wp\/v2\/pages"}],"about":[{"href":"https:\/\/teliani.pl\/en\/wp-json\/wp\/v2\/types\/page"}],"author":[{"embeddable":true,"href":"https:\/\/teliani.pl\/en\/wp-json\/wp\/v2\/users\/2"}],"replies":[{"embeddable":true,"href":"https:\/\/teliani.pl\/en\/wp-json\/wp\/v2\/comments?post=1441"}],"version-history":[{"count":9,"href":"https:\/\/teliani.pl\/en\/wp-json\/wp\/v2\/pages\/1441\/revisions"}],"predecessor-version":[{"id":1460,"href":"https:\/\/teliani.pl\/en\/wp-json\/wp\/v2\/pages\/1441\/revisions\/1460"}],"up":[{"embeddable":true,"href":"https:\/\/teliani.pl\/en\/wp-json\/wp\/v2\/pages\/324"}],"wp:featuredmedia":[{"embeddable":true,"href":"https:\/\/teliani.pl\/en\/wp-json\/wp\/v2\/media\/1459"}],"wp:attachment":[{"href":"https:\/\/teliani.pl\/en\/wp-json\/wp\/v2\/media?parent=1441"}],"wp:term":[{"taxonomy":"category","embeddable":true,"href":"https:\/\/teliani.pl\/en\/wp-json\/wp\/v2\/categories?post=1441"},{"taxonomy":"post_tag","embeddable":true,"href":"https:\/\/teliani.pl\/en\/wp-json\/wp\/v2\/tags?post=1441"}],"curies":[{"name":"wp","href":"https:\/\/api.w.org\/{rel}","templated":true}]}}