{"id":1357,"date":"2019-04-25T14:01:08","date_gmt":"2019-04-25T12:01:08","guid":{"rendered":"https:\/\/telianivalley.pl\/?page_id=1357"},"modified":"2019-05-29T11:29:34","modified_gmt":"2019-05-29T09:29:34","slug":"for-trees-cabernet","status":"publish","type":"page","link":"https:\/\/teliani.pl\/en\/wina\/moldawia\/tribute-to-the-earth\/for-trees-cabernet\/","title":{"rendered":"For Trees\/Cabernet"},"content":{"rendered":"\n<p>Wino r\u00f3\u017cowe, p\u00f3\u0142wytrawne o jasno malinowej szacie. W aromacie dominuj\u0105 dojrza\u0142e, czerwone owoce z nutami truskawek i cytrus\u00f3w. Wino dobrze zbalansowane, delikatne, z d\u0142ugim, przyjemnym posmakiem nadaj\u0105cym \u015bwie\u017co\u015b\u0107 w ustach. Polecamy do owoc\u00f3w, delikatnych ser\u00f3w ple\u015bniowych, sa\u0142atek z owocami morza, w\u0119dzonego \u0142ososia i szynki parme\u0144skiej. Idealne tak\u017ce jako aperitif, podane z kostk\u0105 lodu.<\/p>\n\n\n\n<p>Serwowa\u0107 sch\u0142odzone do temp. 8 &#8211; 10 C<\/p>\n\n\n\n<p>TWORZONE Z SZACUNKIEM DLA NATURY <\/p>\n","protected":false},"excerpt":{"rendered":"<p>Wino r\u00f3\u017cowe, p\u00f3\u0142wytrawne o jasno malinowej szacie. W aromacie dominuj\u0105 dojrza\u0142e, czerwone owoce z nutami truskawek i cytrus\u00f3w. Wino dobrze zbalansowane, delikatne, z d\u0142ugim, przyjemnym posmakiem nadaj\u0105cym \u015bwie\u017co\u015b\u0107 w ustach. Polecamy do owoc\u00f3w, delikatnych ser\u00f3w ple\u015bniowych, sa\u0142atek z owocami morza, w\u0119dzonego \u0142ososia i szynki parme\u0144skiej. Idealne tak\u017ce jako aperitif, podane z kostk\u0105 lodu. Serwowa\u0107 sch\u0142odzone [&hellip;]<\/p>\n","protected":false},"author":2,"featured_media":1359,"parent":1247,"menu_order":28,"comment_status":"closed","ping_status":"closed","template":"wino.php","meta":{"footnotes":""},"categories":[],"tags":[],"acf":[],"_links":{"self":[{"href":"https:\/\/teliani.pl\/en\/wp-json\/wp\/v2\/pages\/1357"}],"collection":[{"href":"https:\/\/teliani.pl\/en\/wp-json\/wp\/v2\/pages"}],"about":[{"href":"https:\/\/teliani.pl\/en\/wp-json\/wp\/v2\/types\/page"}],"author":[{"embeddable":true,"href":"https:\/\/teliani.pl\/en\/wp-json\/wp\/v2\/users\/2"}],"replies":[{"embeddable":true,"href":"https:\/\/teliani.pl\/en\/wp-json\/wp\/v2\/comments?post=1357"}],"version-history":[{"count":17,"href":"https:\/\/teliani.pl\/en\/wp-json\/wp\/v2\/pages\/1357\/revisions"}],"predecessor-version":[{"id":1424,"href":"https:\/\/teliani.pl\/en\/wp-json\/wp\/v2\/pages\/1357\/revisions\/1424"}],"up":[{"embeddable":true,"href":"https:\/\/teliani.pl\/en\/wp-json\/wp\/v2\/pages\/1247"}],"wp:featuredmedia":[{"embeddable":true,"href":"https:\/\/teliani.pl\/en\/wp-json\/wp\/v2\/media\/1359"}],"wp:attachment":[{"href":"https:\/\/teliani.pl\/en\/wp-json\/wp\/v2\/media?parent=1357"}],"wp:term":[{"taxonomy":"category","embeddable":true,"href":"https:\/\/teliani.pl\/en\/wp-json\/wp\/v2\/categories?post=1357"},{"taxonomy":"post_tag","embeddable":true,"href":"https:\/\/teliani.pl\/en\/wp-json\/wp\/v2\/tags?post=1357"}],"curies":[{"name":"wp","href":"https:\/\/api.w.org\/{rel}","templated":true}]}}